{"id":271,"date":"2024-08-07T22:38:41","date_gmt":"2024-08-07T20:38:41","guid":{"rendered":"https:\/\/www.citrobiotic.de\/declaration-de-confidentialite\/"},"modified":"2025-08-29T10:58:55","modified_gmt":"2025-08-29T08:58:55","slug":"declaration-de-confidentialite","status":"publish","type":"page","link":"https:\/\/www.citrobiotic.de\/fr\/declaration-de-confidentialite\/","title":{"rendered":"D\u00e9claration de confidentialit\u00e9"},"content":{"rendered":"\n<p>https:\/\/www.citrobiotic.de est une offre de sanitas \u2013 biologische Nahrungserg\u00e4nzungs- und Heilmittel GmbH &amp; Co. KG.<\/p>\n\n<p>Vous trouverez notre d\u00e9claration de confidentialit\u00e9 sur <a href=\"https:\/\/www.sanitas.de\/datenschutz\/\">https:\/\/www.sanitas.de\/datenschutz\/<\/a><\/p>\n","protected":false},"excerpt":{"rendered":"<p>https:\/\/www.citrobiotic.de est une offre de sanitas \u2013 biologische Nahrungserg\u00e4nzungs- und Heilmittel GmbH &amp; Co. KG. Vous trouverez notre d\u00e9claration de confidentialit\u00e9 sur https:\/\/www.sanitas.de\/datenschutz\/<\/p>\n","protected":false},"author":1,"featured_media":0,"parent":0,"menu_order":0,"comment_status":"closed","ping_status":"open","template":"","meta":{"_seopress_robots_primary_cat":"","_seopress_titles_title":"","_seopress_titles_desc":"","_seopress_robots_index":"","footnotes":""},"class_list":["post-271","page","type-page","status-publish","hentry"],"meta_box":[],"_links":{"self":[{"href":"https:\/\/www.citrobiotic.de\/fr\/wp-json\/wp\/v2\/pages\/271","targetHints":{"allow":["GET"]}}],"collection":[{"href":"https:\/\/www.citrobiotic.de\/fr\/wp-json\/wp\/v2\/pages"}],"about":[{"href":"https:\/\/www.citrobiotic.de\/fr\/wp-json\/wp\/v2\/types\/page"}],"author":[{"embeddable":true,"href":"https:\/\/www.citrobiotic.de\/fr\/wp-json\/wp\/v2\/users\/1"}],"replies":[{"embeddable":true,"href":"https:\/\/www.citrobiotic.de\/fr\/wp-json\/wp\/v2\/comments?post=271"}],"version-history":[{"count":1,"href":"https:\/\/www.citrobiotic.de\/fr\/wp-json\/wp\/v2\/pages\/271\/revisions"}],"predecessor-version":[{"id":272,"href":"https:\/\/www.citrobiotic.de\/fr\/wp-json\/wp\/v2\/pages\/271\/revisions\/272"}],"wp:attachment":[{"href":"https:\/\/www.citrobiotic.de\/fr\/wp-json\/wp\/v2\/media?parent=271"}],"curies":[{"name":"wp","href":"https:\/\/api.w.org\/{rel}","templated":true}]}}