{"id":361,"date":"2025-08-29T00:09:51","date_gmt":"2025-08-28T22:09:51","guid":{"rendered":"https:\/\/www.citrobiotic.de\/mentions-legales\/"},"modified":"2025-09-01T00:48:03","modified_gmt":"2025-08-31T22:48:03","slug":"mentions-legales","status":"publish","type":"page","link":"https:\/\/www.citrobiotic.de\/fr\/mentions-legales\/","title":{"rendered":"Mentions l\u00e9gales"},"content":{"rendered":"\n<p>Responsable du domaine https:\/\/www.citrobiotic.de :<\/p>\n\n<p><strong>sanitas<\/strong> \u2013 biologische Nahrungserg\u00e4nzungs- und Heilmittel GmbH &amp; Co. KG<br\/>Billerbecker Str. 67<br\/>32839 Steinheim<br\/>Allemagne<\/p>\n\n<p>T\u00e9l\u00e9phone\u00a0: (0\u00a052\u00a033) 9\u00a038\u00a099<br\/>T\u00e9l\u00e9copie\u00a0: (0\u00a052\u00a033) 99\u00a070\u00a084<br\/>E-mail\u00a0: info@sanitas.de<\/p>\n\n<p>Tribunal comp\u00e9tent\u00a0: Amtsgericht Paderborn<br\/>Num\u00e9ro d\u2019enregistrement\u00a0: HRA\u00a03055<\/p>\n\n<p>La soci\u00e9t\u00e9 <strong>sanitas<\/strong> \u2013 biologische Nahrungserg\u00e4nzungs- und Heilmittel GmbH &amp; Co. KG<\/p>\n\n<p>est repr\u00e9sent\u00e9e par l\u2019associ\u00e9e commandit\u00e9e suivante\u00a0:<\/p>\n\n<p><strong>sanitas<\/strong> \u2013 biologische Nahrungserg\u00e4nzungs- und Heilmittelverwaltungsgesellschaft mbH,<br\/>Tribunal comp\u00e9tent\u00a0: Amtsgericht Paderborn<br\/>Num\u00e9ro d\u2019enregistrement\u00a0: HRB\u00a04784<\/p>\n\n<p>Celle-ci est \u00e0 son tour repr\u00e9sent\u00e9e par les directeurs\u00a0:<br\/>Albrecht Binder, Dr. Gunnar Stammen, Prof. Dr. med. Dr. phil. Martin H\u00f6rning<\/p>\n\n<p>Num\u00e9ro d\u2019identification \u00e0 la TVA conform\u00e9ment au \u00a7\u00a027\u00a0a de la loi allemande relative \u00e0 la taxe sur le chiffre d\u2019affaires\u00a0:<br\/>DE\u00a0813270118<\/p>\n\n<p>Toutes les informations ont \u00e9t\u00e9 soigneusement recherch\u00e9es et reposent sur l\u2019\u00e9tat actuel de la science et de la recherche. Les informations sont destin\u00e9es aux personnes int\u00e9ress\u00e9es et \u00e0 la formation continue, et ne doivent pas \u00eatre comprises comme des instructions de th\u00e9rapie ou de diagnostic au sens m\u00e9dical du terme. Ce site Internet a pour but d\u2019inciter l\u2019utilisateur int\u00e9ress\u00e9 \u00e0 prendre des mesures de pr\u00e9vention en mati\u00e8re de sant\u00e9. Il ne doit et ne peut pas remplacer l\u2019aide d\u2019un m\u00e9decin, car en principe, tous les troubles de l\u2019\u00e9tat g\u00e9n\u00e9ral doivent \u00eatre discut\u00e9s avec un m\u00e9decin. Aucune garantie n\u2019est donn\u00e9e pour toutes les informations, y compris celles des pages li\u00e9es.<\/p>\n\n<p>Les textes, les images, les fichiers audio et toutes les autres informations publi\u00e9es ici, \u00e0 l\u2019exception des articles sp\u00e9cialement identifi\u00e9s, sont soumis au copyright de <strong>sanitas<\/strong> \u2013 biologische Nahrungserg\u00e4nzungs- und Heilmittel GmbH &amp; Co. KG (ci-apr\u00e8s d\u00e9nomm\u00e9e <strong>sanitas<\/strong>). La reproduction ou la repr\u00e9sentation de l\u2019ensemble ou de parties de celui-ci n\u2019est pas autoris\u00e9e sans l\u2019autorisation \u00e9crite de <strong>sanitas<\/strong>. Le nom <strong>sanitas<\/strong>, le logo <strong>sanitas<\/strong> ainsi que d\u2019autres noms \u2013 identifi\u00e9s comme tels \u2013 sont des marques d\u00e9pos\u00e9es de <strong>sanitas<\/strong>.<\/p>\n\n<p>Photos\u00a0: \u00a9Fotolia.de \u2013 Dmitry, Pjorg \/ \u00a9Christian B\u00e4ck<\/p>\n\n<p>Plus d\u2019informations\u00a0: <a href=\"http:\/\/www.wikipedia.de\/\">www.wikipedia.de<\/a><\/p>\n\n<h2 class=\"wp-block-heading\">Utilisation des plugins Facebook<\/h2>\n\n<p>Nous avons int\u00e9gr\u00e9 \u00e0 notre site Internet des plugins du r\u00e9seau social facebook.com (ci-apr\u00e8s \u00ab\u00a0Facebook\u00a0\u00bb). Facebook est une entreprise de Facebook Inc., 1601 S. California Ave, Palo Alto, CA 94304, \u00c9tats-Unis. Une liste et l\u2019apparence de ces plugins de Facebook peuvent \u00eatre consult\u00e9es \u00e0 l\u2019adresse Internet suivante\u00a0: <a href=\"http:\/\/developers.facebook.com\/plugins\">http:\/\/developers.facebook.com\/plugins<\/a><\/p>\n\n<p>\u00c0 chaque consultation d\u2019une page de notre site Internet dot\u00e9e d\u2019un tel plugin, le plugin fait en sorte que le navigateur que vous utilisez charge et affiche la repr\u00e9sentation visuelle du plugin \u00e0 partir du serveur Facebook. Ce faisant, le serveur Facebook est inform\u00e9 de la page sp\u00e9cifique de notre site Internet que vous \u00eates en train de visiter.<br\/>Si vous \u00eates membre de Facebook et que vous \u00eates connect\u00e9 \u00e0 Facebook pendant que vous visitez notre site Internet, Facebook reconna\u00eet, gr\u00e2ce aux informations envoy\u00e9es par le plugin, la page sp\u00e9cifique de notre site Internet que vous \u00eates en train de visiter et l\u2019attribue \u00e0 votre compte d\u2019utilisateur personnel sur Facebook. Si vous actionnez l\u2019un des plugins, par exemple en cliquant sur le bouton \u00ab\u00a0J\u2019aime\u00a0\u00bb ou en soumettant un commentaire, cela est envoy\u00e9 \u00e0 votre compte d\u2019utilisateur personnel sur Facebook et y est enregistr\u00e9. De plus, l\u2019information selon laquelle vous avez visit\u00e9 notre site Internet est transmise \u00e0 Facebook, que vous actionniez ou non l\u2019un des plugins.<\/p>\n\n<p>Afin d\u2019emp\u00eacher la transmission et l\u2019enregistrement de donn\u00e9es vous concernant et concernant votre comportement de navigation par Facebook, vous devez vous d\u00e9connecter de Facebook avant de visiter notre site Internet. Afin de bloquer la collecte et la transmission de vos donn\u00e9es de visiteur par les plugins Facebook pour l\u2019avenir, vous pouvez obtenir un module compl\u00e9mentaire de navigateur \u00ab\u00a0Facebook Blocker\u00a0\u00bb pour certains navigateurs Internet sous le lien suivant. Veuillez ne pas supprimer le module compl\u00e9mentaire de navigateur tant que vous souhaitez bloquer les plugins Facebook\u00a0:<br\/><a href=\"http:\/\/webgraph.com\/resources\/facebookblocker\/\">http:\/\/webgraph.com\/resources\/facebookblocker\/<\/a><\/p>\n\n<p>Vous trouverez les informations relatives \u00e0 la protection des donn\u00e9es de Facebook \u00e0 l\u2019adresse Internet ci-dessous, avec des informations plus d\u00e9taill\u00e9es sur la collecte et l\u2019utilisation des donn\u00e9es par Facebook, sur vos droits \u00e0 cet \u00e9gard ainsi que sur les possibilit\u00e9s de param\u00e9trage pour prot\u00e9ger votre vie priv\u00e9e\u00a0:<br\/><a href=\"http:\/\/www.facebook.com\/policy.php\">http:\/\/www.facebook.com\/policy.php<\/a><\/p>\n","protected":false},"excerpt":{"rendered":"<p>Responsable du domaine https:\/\/www.citrobiotic.de : sanitas \u2013 biologische Nahrungserg\u00e4nzungs- und Heilmittel GmbH &amp; Co. KGBillerbecker Str. 6732839 SteinheimAllemagne T\u00e9l\u00e9phone\u00a0: (0\u00a052\u00a033) 9\u00a038\u00a099T\u00e9l\u00e9copie\u00a0: (0\u00a052\u00a033) 99\u00a070\u00a084E-mail\u00a0: info@sanitas.de Tribunal comp\u00e9tent\u00a0: Amtsgericht PaderbornNum\u00e9ro d\u2019enregistrement\u00a0: HRA\u00a03055 La soci\u00e9t\u00e9 sanitas \u2013 biologische Nahrungserg\u00e4nzungs- und Heilmittel GmbH &amp; Co. KG est repr\u00e9sent\u00e9e par l\u2019associ\u00e9e commandit\u00e9e suivante\u00a0: sanitas \u2013 biologische Nahrungserg\u00e4nzungs- und Heilmittelverwaltungsgesellschaft mbH,Tribunal [&hellip;]<\/p>\n","protected":false},"author":1,"featured_media":0,"parent":0,"menu_order":0,"comment_status":"closed","ping_status":"closed","template":"","meta":{"_seopress_robots_primary_cat":"","_seopress_titles_title":"","_seopress_titles_desc":"","_seopress_robots_index":"","footnotes":""},"class_list":["post-361","page","type-page","status-publish","hentry"],"meta_box":[],"_links":{"self":[{"href":"https:\/\/www.citrobiotic.de\/fr\/wp-json\/wp\/v2\/pages\/361","targetHints":{"allow":["GET"]}}],"collection":[{"href":"https:\/\/www.citrobiotic.de\/fr\/wp-json\/wp\/v2\/pages"}],"about":[{"href":"https:\/\/www.citrobiotic.de\/fr\/wp-json\/wp\/v2\/types\/page"}],"author":[{"embeddable":true,"href":"https:\/\/www.citrobiotic.de\/fr\/wp-json\/wp\/v2\/users\/1"}],"replies":[{"embeddable":true,"href":"https:\/\/www.citrobiotic.de\/fr\/wp-json\/wp\/v2\/comments?post=361"}],"version-history":[{"count":2,"href":"https:\/\/www.citrobiotic.de\/fr\/wp-json\/wp\/v2\/pages\/361\/revisions"}],"predecessor-version":[{"id":396,"href":"https:\/\/www.citrobiotic.de\/fr\/wp-json\/wp\/v2\/pages\/361\/revisions\/396"}],"wp:attachment":[{"href":"https:\/\/www.citrobiotic.de\/fr\/wp-json\/wp\/v2\/media?parent=361"}],"curies":[{"name":"wp","href":"https:\/\/api.w.org\/{rel}","templated":true}]}}